{"id":2170,"date":"2015-11-20T12:06:35","date_gmt":"2015-11-20T11:06:35","guid":{"rendered":"https:\/\/b-artgallery.fr\/staging\/staging\/staging\/fr\/contact\/"},"modified":"2025-01-30T15:17:20","modified_gmt":"2025-01-30T14:17:20","slug":"contact","status":"publish","type":"page","link":"https:\/\/b-artgallery.fr\/fr\/contact\/","title":{"rendered":"Contact"},"content":{"rendered":"<p><strong>B-ART GALLERY<\/strong><br \/>\nRue Carnot 40B<br \/>\n13210 St-R\u00e9my-de-Provence<br \/>\nFrance<br \/>\nMobile: +33750361410<br \/>\nT\u00e9l\u00e9phone: +33490943324<br \/>\nE-mail: <a href=\"mailto:info@b-artgallery.fr\">info@b-artgallery.fr<\/a><\/p>\n","protected":false},"excerpt":{"rendered":"<p>B-ART GALLERY Rue Carnot 40B 13210 St-R\u00e9my-de-Provence France Mobile: +33750361410 T\u00e9l\u00e9phone: +33490943324 E-mail: info@b-artgallery.fr<\/p>\n","protected":false},"author":2,"featured_media":0,"parent":0,"menu_order":0,"comment_status":"closed","ping_status":"closed","template":"","meta":{"ngg_post_thumbnail":0},"yoast_head":"<!-- This site is optimized with the Yoast SEO plugin v20.4 - https:\/\/yoast.com\/wordpress\/plugins\/seo\/ -->\n<title>Contact - B-ART GALLERY<\/title>\n<meta name=\"robots\" content=\"index, follow, max-snippet:-1, max-image-preview:large, max-video-preview:-1\" \/>\n<link rel=\"canonical\" href=\"https:\/\/b-artgallery.fr\/fr\/contact\/\" \/>\n<meta property=\"og:locale\" content=\"fr_FR\" \/>\n<meta property=\"og:type\" content=\"article\" \/>\n<meta property=\"og:title\" content=\"Contact - B-ART GALLERY\" \/>\n<meta property=\"og:description\" content=\"B-ART GALLERY Rue Carnot 40B 13210 St-R\u00e9my-de-Provence France Mobile: +33750361410 T\u00e9l\u00e9phone: +33490943324 E-mail: info@b-artgallery.fr\" \/>\n<meta property=\"og:url\" content=\"https:\/\/b-artgallery.fr\/fr\/contact\/\" \/>\n<meta property=\"og:site_name\" content=\"B-ART GALLERY\" \/>\n<meta property=\"article:publisher\" content=\"https:\/\/www.facebook.com\/dedriemark.sculptor\/\" \/>\n<meta property=\"article:modified_time\" content=\"2025-01-30T14:17:20+00:00\" \/>\n<meta name=\"twitter:card\" content=\"summary_large_image\" \/>\n<meta name=\"twitter:site\" content=\"@MarkDedrie\" \/>\n<meta name=\"twitter:label1\" content=\"Dur\u00e9e de lecture estim\u00e9e\" \/>\n\t<meta name=\"twitter:data1\" content=\"1 minute\" \/>\n<script type=\"application\/ld+json\" class=\"yoast-schema-graph\">{\"@context\":\"https:\/\/schema.org\",\"@graph\":[{\"@type\":\"WebPage\",\"@id\":\"https:\/\/b-artgallery.fr\/fr\/contact\/\",\"url\":\"https:\/\/b-artgallery.fr\/fr\/contact\/\",\"name\":\"Contact - B-ART GALLERY\",\"isPartOf\":{\"@id\":\"https:\/\/b-artgallery.fr\/fr\/#website\"},\"datePublished\":\"2015-11-20T11:06:35+00:00\",\"dateModified\":\"2025-01-30T14:17:20+00:00\",\"breadcrumb\":{\"@id\":\"https:\/\/b-artgallery.fr\/fr\/contact\/#breadcrumb\"},\"inLanguage\":\"fr-FR\",\"potentialAction\":[{\"@type\":\"ReadAction\",\"target\":[\"https:\/\/b-artgallery.fr\/fr\/contact\/\"]}]},{\"@type\":\"BreadcrumbList\",\"@id\":\"https:\/\/b-artgallery.fr\/fr\/contact\/#breadcrumb\",\"itemListElement\":[{\"@type\":\"ListItem\",\"position\":1,\"name\":\"Home\",\"item\":\"https:\/\/b-artgallery.fr\/fr\/\"},{\"@type\":\"ListItem\",\"position\":2,\"name\":\"Contact\"}]},{\"@type\":\"WebSite\",\"@id\":\"https:\/\/b-artgallery.fr\/fr\/#website\",\"url\":\"https:\/\/b-artgallery.fr\/fr\/\",\"name\":\"B-ART GALLERY\",\"description\":\"Saint R\u00e9my de Provence\",\"potentialAction\":[{\"@type\":\"SearchAction\",\"target\":{\"@type\":\"EntryPoint\",\"urlTemplate\":\"https:\/\/b-artgallery.fr\/fr\/?s={search_term_string}\"},\"query-input\":\"required name=search_term_string\"}],\"inLanguage\":\"fr-FR\"}]}<\/script>\n<!-- \/ Yoast SEO plugin. -->","yoast_head_json":{"title":"Contact - B-ART GALLERY","robots":{"index":"index","follow":"follow","max-snippet":"max-snippet:-1","max-image-preview":"max-image-preview:large","max-video-preview":"max-video-preview:-1"},"canonical":"https:\/\/b-artgallery.fr\/fr\/contact\/","og_locale":"fr_FR","og_type":"article","og_title":"Contact - B-ART GALLERY","og_description":"B-ART GALLERY Rue Carnot 40B 13210 St-R\u00e9my-de-Provence France Mobile: +33750361410 T\u00e9l\u00e9phone: +33490943324 E-mail: info@b-artgallery.fr","og_url":"https:\/\/b-artgallery.fr\/fr\/contact\/","og_site_name":"B-ART GALLERY","article_publisher":"https:\/\/www.facebook.com\/dedriemark.sculptor\/","article_modified_time":"2025-01-30T14:17:20+00:00","twitter_card":"summary_large_image","twitter_site":"@MarkDedrie","twitter_misc":{"Dur\u00e9e de lecture estim\u00e9e":"1 minute"},"schema":{"@context":"https:\/\/schema.org","@graph":[{"@type":"WebPage","@id":"https:\/\/b-artgallery.fr\/fr\/contact\/","url":"https:\/\/b-artgallery.fr\/fr\/contact\/","name":"Contact - B-ART GALLERY","isPartOf":{"@id":"https:\/\/b-artgallery.fr\/fr\/#website"},"datePublished":"2015-11-20T11:06:35+00:00","dateModified":"2025-01-30T14:17:20+00:00","breadcrumb":{"@id":"https:\/\/b-artgallery.fr\/fr\/contact\/#breadcrumb"},"inLanguage":"fr-FR","potentialAction":[{"@type":"ReadAction","target":["https:\/\/b-artgallery.fr\/fr\/contact\/"]}]},{"@type":"BreadcrumbList","@id":"https:\/\/b-artgallery.fr\/fr\/contact\/#breadcrumb","itemListElement":[{"@type":"ListItem","position":1,"name":"Home","item":"https:\/\/b-artgallery.fr\/fr\/"},{"@type":"ListItem","position":2,"name":"Contact"}]},{"@type":"WebSite","@id":"https:\/\/b-artgallery.fr\/fr\/#website","url":"https:\/\/b-artgallery.fr\/fr\/","name":"B-ART GALLERY","description":"Saint R\u00e9my de Provence","potentialAction":[{"@type":"SearchAction","target":{"@type":"EntryPoint","urlTemplate":"https:\/\/b-artgallery.fr\/fr\/?s={search_term_string}"},"query-input":"required name=search_term_string"}],"inLanguage":"fr-FR"}]}},"_links":{"self":[{"href":"https:\/\/b-artgallery.fr\/fr\/wp-json\/wp\/v2\/pages\/2170"}],"collection":[{"href":"https:\/\/b-artgallery.fr\/fr\/wp-json\/wp\/v2\/pages"}],"about":[{"href":"https:\/\/b-artgallery.fr\/fr\/wp-json\/wp\/v2\/types\/page"}],"author":[{"embeddable":true,"href":"https:\/\/b-artgallery.fr\/fr\/wp-json\/wp\/v2\/users\/2"}],"replies":[{"embeddable":true,"href":"https:\/\/b-artgallery.fr\/fr\/wp-json\/wp\/v2\/comments?post=2170"}],"version-history":[{"count":3,"href":"https:\/\/b-artgallery.fr\/fr\/wp-json\/wp\/v2\/pages\/2170\/revisions"}],"predecessor-version":[{"id":7889,"href":"https:\/\/b-artgallery.fr\/fr\/wp-json\/wp\/v2\/pages\/2170\/revisions\/7889"}],"wp:attachment":[{"href":"https:\/\/b-artgallery.fr\/fr\/wp-json\/wp\/v2\/media?parent=2170"}],"curies":[{"name":"wp","href":"https:\/\/api.w.org\/{rel}","templated":true}]}}